{"id":1,"date":"2019-05-10T09:37:28","date_gmt":"2019-05-10T09:37:28","guid":{"rendered":"https:\/\/neo-net-verein.de\/?p=1"},"modified":"2025-04-04T16:29:56","modified_gmt":"2025-04-04T16:29:56","slug":"home","status":"publish","type":"page","link":"https:\/\/neo-net.de\/","title":{"rendered":"Home"},"content":{"rendered":"<ul>\n<li>\n<p>        <img decoding=\"async\" src=\"\/wp-content\/uploads\/2025\/04\/b3dneo.jpg\" alt=\"\"><\/p>\n<h2>B3Dneo \u2013 Ein starkes Netzwerk f\u00fcr die 3D-Druck-Branche in Sachsen<\/h2>\n<p>News<\/p>\n<p><a href=\"\/?p=2250\">weiterlesen<\/a><\/p>\n<\/li>\n<li>\n<p>        <img decoding=\"async\" src=\"\/wp-content\/uploads\/2025\/03\/neonet-08-scaled.jpeg\" alt=\"\"><\/p>\n<h2>Erfolgreicher Abschluss der Intec<\/h2>\n<p>R\u00fcckblick<\/p>\n<p><a href=\"\/?p=2276\">weiterlesen<\/a><\/p>\n<\/li>\n<li>\n<p>        <img decoding=\"async\" src=\"\/wp-content\/uploads\/2025\/03\/neonet-29-scaled.jpeg\" alt=\"\"><\/p>\n<h2>Damit aus regionalen Ideen Wachstum wird<\/h2>\n<div>neo.NET e.V. steht f\u00fcr eine enge, partnerschaftliche Zusammenarbeit zwischen Wirtschaft \u2013 Forschung \u2013 Bildung \u2013 Gesellschaft. Effiziente Transferprozesse sorgen daf\u00fcr, dass aus einer Idee schnellstm\u00f6glich ein regionales Produkt entsteht.<\/div>\n<\/li>\n<\/ul>\n<p><img decoding=\"async\" src=\"\/wp-content\/uploads\/2025\/02\/Gros-2024_01_31_Vorstand-neoNET.jpeg\" alt=\"\"><\/p>\n<div>Vorstandsmitglieder Dr. Matthias Kinne, Sabine Scholz, Dr. Stefan Jakschik (Vorsitzender), und Dr. Maik Hosang (v.l.n.r.)<\/div>\n<h2>Innovation durch Kooperation<\/h2>\n<div>\n<h3>neo.NET e.V.<\/h3>\n<div>Der am 2. September 2019 im Zittauer B\u00fcrgersaal gegr\u00fcndete gemeinn\u00fctzige Forschungs- und Transferverein neo.NET e.V. steht f\u00fcr eine enge, partnerschaftliche Zusammenarbeit. Der Verein setzt sich aktiv f\u00fcr die Koordinierung und Beschaffung von F\u00f6rdermitteln ein. Er unterst\u00fctzt mit Transferaktivit\u00e4ten den Innovationsprozess in der Region. Damit aus Ideen regionales Wachstum wird.<\/div>\n<\/div>\n<hr>\n<ul>\n<li>\n<div>WIR bringen Akteure aus Wirtschaft, Wissenschaft und Zivilgesellschaft zusammen<\/div>\n<\/li>\n<li>\n<div>WIR st\u00e4rken den Austausch zwischen Wirtschaft und Wissenschaft<\/div>\n<\/li>\n<li>\n<div>WIR unterst\u00fctzen innovative Ideen und Prozesse<\/div>\n<\/li>\n<li>\n<div>WIR bereiten Forschungsprojekte vor<\/div>\n<\/li>\n<li>\n<div>WIR forschen in Zukunftstechnologien direkt vor dem Markteinstieg<\/div>\n<\/li>\n<li>\n<div>WIR begleiten Aus- und Neugr\u00fcndungen<\/div>\n<\/li>\n<li>\n<div>WIR unterst\u00fctzen die Fachkr\u00e4ftesicherung<\/div>\n<\/li>\n<\/ul>\n<p><!--more--><br \/>\n<!-- {\"type\":\"layout\",\"children\":[{\"name\":\"Hero\",\"type\":\"section\",\"props\":{\"animation_delay\":false,\"image_position\":\"center-center\",\"padding\":\"none\",\"style\":\"default\",\"title_breakpoint\":\"xl\",\"title_position\":\"top-left\",\"title_rotation\":\"left\",\"vertical_align\":\"\",\"width\":\"\"},\"children\":[{\"type\":\"row\",\"children\":[{\"type\":\"column\",\"props\":{\"image_position\":\"center-center\",\"position_sticky_breakpoint\":\"m\",\"width_medium\":\"1-1\"},\"children\":[{\"type\":\"slideshow\",\"props\":{\"animation\":\"fade\",\"content_expand\":false,\"content_style\":\"text-lead\",\"image_loading\":true,\"image_width\":\"2560\",\"link_parallax_opacity\":\"0,1,1\",\"link_parallax_y\":\"50,0,0\",\"link_style\":\"primary\",\"link_text\":\"View House\",\"margin\":\"default\",\"meta_align\":\"above-title\",\"meta_element\":\"div\",\"meta_parallax_opacity\":\"0,1,1\",\"meta_parallax_y\":\"-50,0,0\",\"meta_style\":\"h3\",\"nav\":\"thumbnav\",\"nav_align\":\"center\",\"nav_below\":false,\"nav_breakpoint\":\"\",\"nav_hover\":false,\"nav_position\":\"bottom-center\",\"nav_position_margin\":\"medium\",\"nav_vertical\":false,\"overlay_animation\":\"parallax\",\"overlay_position\":\"center\",\"overlay_width\":\"xlarge\",\"show_content\":true,\"show_link\":true,\"show_meta\":true,\"show_thumbnail\":true,\"show_title\":true,\"slidenav\":\"default\",\"slidenav_breakpoint\":\"m\",\"slidenav_hover\":true,\"slidenav_margin\":\"medium\",\"slidenav_outside_breakpoint\":\"xl\",\"slideshow_animation\":\"scale\",\"slideshow_autoplay\":true,\"slideshow_autoplay_pause\":true,\"slideshow_max_height\":\"840\",\"slideshow_min_height\":\"600\",\"slideshow_parallax\":false,\"slideshow_ratio\":\"16:7\",\"slideshow_velocity\":0.59999999999999997779553950749686919152736663818359375,\"text_align\":\"center\",\"text_align_fallback\":\"center\",\"text_color\":\"light\",\"thumbnav_height\":\"75\",\"thumbnav_svg_color\":\"emphasis\",\"thumbnav_width\":\"100\",\"title_element\":\"h2\",\"title_hover_style\":\"reset\",\"title_parallax_opacity\":\"0,1,1\",\"title_parallax_x\":\"-200,0,200\",\"title_style\":\"heading-medium\"},\"children\":[{\"type\":\"slideshow_item\",\"props\":{\"image\":\"wp-content\\\/uploads\\\/2025\\\/04\\\/b3dneo.jpg\",\"item_element\":\"article\",\"link\":\"?p=2250\",\"link_text\":\"weiterlesen\",\"media_background\":\"rgba(255, 255, 255, 0.7)\",\"media_overlay\":\"rgba(58, 133, 166, 0.51)\",\"meta\":\"News\",\"thumbnail\":\"wp-content\\\/uploads\\\/2025\\\/04\\\/b3dneo.jpg\",\"title\":\"B3Dneo \\u2013 Ein starkes Netzwerk f\\u00fcr die 3D-Druck-Branche in Sachsen\"}},{\"type\":\"slideshow_item\",\"props\":{\"image\":\"wp-content\\\/uploads\\\/2025\\\/03\\\/neonet-08-scaled.jpeg\",\"item_element\":\"article\",\"link\":\"?p=2276\",\"link_text\":\"weiterlesen\",\"media_overlay\":\"rgba(85, 122, 131, 0.5)\",\"meta\":\"R\\u00fcckblick\",\"thumbnail\":\"wp-content\\\/uploads\\\/2025\\\/03\\\/neonet-08-scaled.jpeg\",\"title\":\"Erfolgreicher Abschluss der Intec\"}},{\"type\":\"slideshow_item\",\"props\":{\"content\":\"neo.NET e.V. steht f\\u00fcr eine enge, partnerschaftliche Zusammenarbeit zwischen Wirtschaft \\u2013 Forschung \\u2013 Bildung \\u2013 Gesellschaft. Effiziente Transferprozesse sorgen daf\\u00fcr, dass aus einer Idee schnellstm\\u00f6glich ein regionales Produkt entsteht.\",\"image\":\"wp-content\\\/uploads\\\/2025\\\/03\\\/neonet-29-scaled.jpeg\",\"media_overlay\":\"rgba(49, 111, 133, 0.56)\",\"title\":\"Damit aus regionalen Ideen Wachstum wird\"}}]}]}]}]},{\"name\":\"Getting started\",\"type\":\"section\",\"props\":{\"animation\":\"fade\",\"image_position\":\"center-center\",\"image_size\":\"cover\",\"padding\":\"large\",\"style\":\"muted\",\"title_breakpoint\":\"xl\",\"title_position\":\"top-left\",\"title_rotation\":\"left\",\"vertical_align\":\"\",\"width\":\"default\"},\"children\":[{\"type\":\"row\",\"props\":{\"column_gap\":\"large\",\"layout\":\"1-3,2-3\",\"row_gap\":\"large\"},\"children\":[{\"type\":\"column\",\"props\":{\"image_position\":\"center-center\",\"position_sticky_breakpoint\":\"m\",\"width_medium\":\"1-3\"},\"children\":[{\"type\":\"image\",\"props\":{\"image\":\"wp-content\\\/uploads\\\/2025\\\/02\\\/Gros-2024_01_31_Vorstand-neoNET.jpeg\",\"image_svg_color\":\"emphasis\",\"margin\":\"default\"}},{\"type\":\"text\",\"props\":{\"column_breakpoint\":\"m\",\"content\":\"Vorstandsmitglieder Dr. Matthias Kinne, Sabine Scholz, Dr. Stefan Jakschik (Vorsitzender), und Dr. Maik Hosang (v.l.n.r.)\",\"margin\":\"default\"}}]},{\"type\":\"column\",\"props\":{\"image_position\":\"center-center\",\"position_sticky_breakpoint\":\"m\",\"width_medium\":\"2-3\"},\"children\":[{\"type\":\"headline\",\"props\":{\"content\":\"Innovation durch Kooperation\",\"text_align\":\"left\",\"title_element\":\"h2\",\"title_style\":\"h1\"}},{\"type\":\"panel\",\"props\":{\"content\":\"Der am 2. September 2019 im Zittauer B\\u00fcrgersaal gegr\\u00fcndete gemeinn\\u00fctzige Forschungs- und Transferverein neo.NET e.V. steht f\\u00fcr eine enge, partnerschaftliche Zusammenarbeit. Der Verein setzt sich aktiv f\\u00fcr die Koordinierung und Beschaffung von F\\u00f6rdermitteln ein. Er unterst\\u00fctzt mit Transferaktivit\\u00e4ten den Innovationsprozess in der Region. Damit aus Ideen regionales Wachstum wird.\",\"content_column_breakpoint\":\"m\",\"icon_width\":80,\"image\":\"\",\"image_align\":\"top\",\"image_grid_breakpoint\":\"m\",\"image_grid_width\":\"1-2\",\"image_height\":100,\"image_svg_color\":\"emphasis\",\"link_style\":\"default\",\"link_text\":\"Read more\",\"margin\":\"default\",\"meta\":\"\",\"meta_align\":\"above-title\",\"meta_element\":\"div\",\"meta_style\":\"text-meta\",\"title\":\"neo.NET e.V.\",\"title_align\":\"top\",\"title_element\":\"h3\",\"title_grid_breakpoint\":\"m\",\"title_grid_width\":\"1-2\",\"title_hover_style\":\"reset\"}},{\"type\":\"divider\",\"props\":{\"divider_element\":\"hr\",\"margin\":\"small\"}},{\"type\":\"list\",\"props\":{\"column_breakpoint\":\"m\",\"icon\":\"more-vertical\",\"image_align\":\"left\",\"image_svg_color\":\"emphasis\",\"image_vertical_align\":true,\"list_element\":\"ul\",\"list_horizontal_separator\":\", \",\"list_marker_color\":\"primary\",\"list_type\":\"vertical\",\"show_image\":true,\"show_link\":true},\"children\":[{\"type\":\"list_item\",\"props\":{\"content\":\"WIR bringen Akteure aus Wirtschaft, Wissenschaft und Zivilgesellschaft zusammen\",\"icon\":\"more-vertical\"}},{\"type\":\"list_item\",\"props\":{\"content\":\"WIR st\\u00e4rken den Austausch zwischen Wirtschaft und Wissenschaft\"}},{\"type\":\"list_item\",\"props\":{\"content\":\"WIR unterst\\u00fctzen innovative Ideen und Prozesse\"}},{\"type\":\"list_item\",\"props\":{\"content\":\"WIR bereiten Forschungsprojekte vor\"}},{\"type\":\"list_item\",\"props\":{\"content\":\"WIR forschen in Zukunftstechnologien direkt vor dem Markteinstieg\"}},{\"type\":\"list_item\",\"props\":{\"content\":\"WIR begleiten Aus- und Neugr\\u00fcndungen\"}},{\"type\":\"list_item\",\"props\":{\"content\":\"WIR unterst\\u00fctzen die Fachkr\\u00e4ftesicherung\"}}]}]}]}]}],\"version\":\"4.5.12\"} --><\/p>\n","protected":false},"excerpt":{"rendered":"<p>B3Dneo \u2013 Ein starkes Netzwerk f\u00fcr die 3D-Druck-Branche in Sachsen News weiterlesen Erfolgreicher Abschluss der Intec R\u00fcckblick weiterlesen Damit aus regionalen Ideen Wachstum wird neo.NET e.V. steht f\u00fcr eine enge, partnerschaftliche Zusammenarbeit zwischen Wirtschaft \u2013 Forschung \u2013 Bildung \u2013 Gesellschaft. Effiziente Transferprozesse sorgen daf\u00fcr, dass aus einer Idee schnellstm\u00f6glich ein regionales Produkt entsteht. Vorstandsmitglieder Dr. [&hellip;]<\/p>\n","protected":false},"author":1,"featured_media":0,"parent":0,"menu_order":6,"comment_status":"open","ping_status":"open","template":"","meta":{"_acf_changed":false,"footnotes":""},"class_list":["post-1","page","type-page","status-publish","hentry"],"acf":[],"_links":{"self":[{"href":"https:\/\/neo-net.de\/index.php?rest_route=\/wp\/v2\/pages\/1","targetHints":{"allow":["GET"]}}],"collection":[{"href":"https:\/\/neo-net.de\/index.php?rest_route=\/wp\/v2\/pages"}],"about":[{"href":"https:\/\/neo-net.de\/index.php?rest_route=\/wp\/v2\/types\/page"}],"author":[{"embeddable":true,"href":"https:\/\/neo-net.de\/index.php?rest_route=\/wp\/v2\/users\/1"}],"replies":[{"embeddable":true,"href":"https:\/\/neo-net.de\/index.php?rest_route=%2Fwp%2Fv2%2Fcomments&post=1"}],"version-history":[{"count":68,"href":"https:\/\/neo-net.de\/index.php?rest_route=\/wp\/v2\/pages\/1\/revisions"}],"predecessor-version":[{"id":2294,"href":"https:\/\/neo-net.de\/index.php?rest_route=\/wp\/v2\/pages\/1\/revisions\/2294"}],"wp:attachment":[{"href":"https:\/\/neo-net.de\/index.php?rest_route=%2Fwp%2Fv2%2Fmedia&parent=1"}],"curies":[{"name":"wp","href":"https:\/\/api.w.org\/{rel}","templated":true}]}}