{"id":2384,"date":"2025-05-23T07:44:30","date_gmt":"2025-05-23T07:44:30","guid":{"rendered":"https:\/\/neo-net-verein.de\/?page_id=2384"},"modified":"2025-05-23T09:01:13","modified_gmt":"2025-05-23T09:01:13","slug":"b3dneo","status":"publish","type":"page","link":"https:\/\/neo-net.de\/?page_id=2384","title":{"rendered":"B3Dneo"},"content":{"rendered":"\n<p class=\"has-text-align-left has-black-color has-text-color has-link-color has-large-font-size wp-elements-1091af17f06ecedc9e19264d112b253a\">Ein starkes Netzwerk f\u00fcr die 3D-Druck-Branche!<\/p>\n\n\n\n<div class=\"wp-block-columns are-vertically-aligned-center is-layout-flex wp-container-core-columns-is-layout-9d6595d7 wp-block-columns-is-layout-flex\">\n<div class=\"wp-block-column is-layout-flow wp-block-column-is-layout-flow\" style=\"flex-basis:24%\">\n<figure class=\"wp-block-image\"><img loading=\"lazy\" decoding=\"async\" width=\"472\" height=\"480\" src=\"https:\/\/neo-net-verein.de\/wp-content\/uploads\/2025\/05\/B3Dneo-Logo.jpg\" alt=\"\" class=\"wp-image-2393\" srcset=\"https:\/\/neo-net.de\/wp-content\/uploads\/2025\/05\/B3Dneo-Logo.jpg 472w, https:\/\/neo-net.de\/wp-content\/uploads\/2025\/05\/B3Dneo-Logo-295x300.jpg 295w\" sizes=\"(max-width: 472px) 100vw, 472px\" \/><\/figure>\n\n\n\n<ul class=\"wp-block-social-links is-layout-flex wp-block-social-links-is-layout-flex\"><li class=\"wp-social-link wp-social-link-wordpress  wp-block-social-link\"><a href=\"https:\/\/www.b3dneo.de\/\" class=\"wp-block-social-link-anchor\"><svg width=\"24\" height=\"24\" viewBox=\"0 0 24 24\" version=\"1.1\" xmlns=\"http:\/\/www.w3.org\/2000\/svg\" aria-hidden=\"true\" focusable=\"false\"><path d=\"M12.158,12.786L9.46,20.625c0.806,0.237,1.657,0.366,2.54,0.366c1.047,0,2.051-0.181,2.986-0.51 c-0.024-0.038-0.046-0.079-0.065-0.124L12.158,12.786z M3.009,12c0,3.559,2.068,6.634,5.067,8.092L3.788,8.341 C3.289,9.459,3.009,10.696,3.009,12z M18.069,11.546c0-1.112-0.399-1.881-0.741-2.48c-0.456-0.741-0.883-1.368-0.883-2.109 c0-0.826,0.627-1.596,1.51-1.596c0.04,0,0.078,0.005,0.116,0.007C16.472,3.904,14.34,3.009,12,3.009 c-3.141,0-5.904,1.612-7.512,4.052c0.211,0.007,0.41,0.011,0.579,0.011c0.94,0,2.396-0.114,2.396-0.114 C7.947,6.93,8.004,7.642,7.52,7.699c0,0-0.487,0.057-1.029,0.085l3.274,9.739l1.968-5.901l-1.401-3.838 C9.848,7.756,9.389,7.699,9.389,7.699C8.904,7.67,8.961,6.93,9.446,6.958c0,0,1.484,0.114,2.368,0.114 c0.94,0,2.397-0.114,2.397-0.114c0.485-0.028,0.542,0.684,0.057,0.741c0,0-0.488,0.057-1.029,0.085l3.249,9.665l0.897-2.996 C17.841,13.284,18.069,12.316,18.069,11.546z M19.889,7.686c0.039,0.286,0.06,0.593,0.06,0.924c0,0.912-0.171,1.938-0.684,3.22 l-2.746,7.94c2.673-1.558,4.47-4.454,4.47-7.771C20.991,10.436,20.591,8.967,19.889,7.686z M12,22C6.486,22,2,17.514,2,12 C2,6.486,6.486,2,12,2c5.514,0,10,4.486,10,10C22,17.514,17.514,22,12,22z\"><\/path><\/svg><span class=\"wp-block-social-link-label screen-reader-text\">WordPress<\/span><\/a><\/li>\n\n<li class=\"wp-social-link wp-social-link-linkedin  wp-block-social-link\"><a href=\"https:\/\/www.linkedin.com\/company\/107376592\/admin\/dashboard\/\" class=\"wp-block-social-link-anchor\"><svg width=\"24\" height=\"24\" viewBox=\"0 0 24 24\" version=\"1.1\" xmlns=\"http:\/\/www.w3.org\/2000\/svg\" aria-hidden=\"true\" focusable=\"false\"><path d=\"M19.7,3H4.3C3.582,3,3,3.582,3,4.3v15.4C3,20.418,3.582,21,4.3,21h15.4c0.718,0,1.3-0.582,1.3-1.3V4.3 C21,3.582,20.418,3,19.7,3z M8.339,18.338H5.667v-8.59h2.672V18.338z M7.004,8.574c-0.857,0-1.549-0.694-1.549-1.548 c0-0.855,0.691-1.548,1.549-1.548c0.854,0,1.547,0.694,1.547,1.548C8.551,7.881,7.858,8.574,7.004,8.574z M18.339,18.338h-2.669 v-4.177c0-0.996-0.017-2.278-1.387-2.278c-1.389,0-1.601,1.086-1.601,2.206v4.249h-2.667v-8.59h2.559v1.174h0.037 c0.356-0.675,1.227-1.387,2.526-1.387c2.703,0,3.203,1.779,3.203,4.092V18.338z\"><\/path><\/svg><span class=\"wp-block-social-link-label screen-reader-text\">LinkedIn<\/span><\/a><\/li><\/ul>\n<\/div>\n\n\n\n<div class=\"wp-block-column is-layout-flow wp-block-column-is-layout-flow\" style=\"flex-basis:76%\">\n<div class=\"wp-block-group is-vertical is-layout-flex wp-container-core-group-is-layout-8cf370e7 wp-block-group-is-layout-flex\">\n<p class=\"has-text-align-left has-luminous-vivid-amber-color has-text-color has-link-color has-large-font-size wp-elements-27b4d415ed9500a3f9a28713d71d0ee0\">neo.NET &amp; Building 3D e.V. starten ein gemeinsames Cluster!<\/p>\n\n\n\n<p><\/p>\n\n\n\n<p><\/p>\n\n\n\n<p class=\"has-text-align-left has-medium-font-size\"><strong>neo.NET e.V.<\/strong> ist ein Forschungs- und Innovationsnetzwerk mit Sitz in Zittau, das Unternehmen, Forschungseinrichtungen und \u00f6ffentliche Akteure in den Bereichen Digitalisierung, Technologieentwicklung und Wissensvernetzung zusammenbringt.<\/p>\n\n\n\n<p class=\"has-medium-font-size\"><strong>Building 3D e.V.<\/strong> aus Leipzig versteht sich als zentrale Anlaufstelle f\u00fcr den industriellen 3D-Druck. Der Verein f\u00f6rdert die Anwendung, Forschung und Entwicklung additiver Fertigungstechnologien in Wirtschaft und Wissenschaft.<\/p>\n\n\n\n<p class=\"has-medium-font-size\">Beide Vereine engagieren sich aktiv f\u00fcr den Wissens- und Technologietransfer in Sachsen und dar\u00fcber hinaus \u2013 und b\u00fcndeln mit B3Dneo ihre Kompetenzen f\u00fcr ein gemeinsames Ziel: <strong>Die nachhaltige St\u00e4rkung der 3D-Druck-Branche.<\/strong><\/p>\n\n\n\n<hr class=\"wp-block-separator has-alpha-channel-opacity\"\/>\n\n\n\n<h3 class=\"wp-block-heading\">Ziele von B3Dneo<\/h3>\n\n\n\n<ul class=\"wp-block-list\">\n<li><strong>Regionale und internationale Vernetzung<\/strong><\/li>\n<\/ul>\n\n\n\n<ul class=\"wp-block-list\">\n<li>F\u00f6rderung von Innovationen in kleinen und mittleren Unternehmen (KMU)<\/li>\n\n\n\n<li>Zugang zu modernem Know-how und Technologien im 3D-Druck<\/li>\n\n\n\n<li>Technologietransfer zwischen Forschung und Praxis<\/li>\n<\/ul>\n\n\n\n<hr class=\"wp-block-separator has-alpha-channel-opacity\"\/>\n\n\n\n<h3 class=\"wp-block-heading\">Geplante Ma\u00dfnahmen<\/h3>\n\n\n\n<div class=\"wp-block-group is-vertical is-layout-flex wp-container-core-group-is-layout-8cf370e7 wp-block-group-is-layout-flex\">\n<ul class=\"wp-block-list\">\n<li>Aufbau einer digitalen Kompetenzplattform<\/li>\n<\/ul>\n\n\n\n<ul class=\"wp-block-list\">\n<li>Organisation von Veranstaltungen, Workshops und Fachmessen<\/li>\n\n\n\n<li>F\u00f6rderung internationaler Kooperationen<\/li>\n\n\n\n<li>Unterst\u00fctzung von Forschungs- und Entwicklungsprojekten<\/li>\n\n\n\n<li>Entwicklung gemeinsamer Marketing- und Kommunikationsstrategien<\/li>\n<\/ul>\n<\/div>\n<\/div>\n<\/div>\n<\/div>\n\n\n\n<figure class=\"wp-block-image size-large\"><img loading=\"lazy\" decoding=\"async\" width=\"1024\" height=\"683\" src=\"https:\/\/neo-net-verein.de\/wp-content\/uploads\/2025\/05\/2025_03_12_Kick-off-B3Dneo-1-1024x683.jpg\" alt=\"\" class=\"wp-image-2394\" srcset=\"https:\/\/neo-net.de\/wp-content\/uploads\/2025\/05\/2025_03_12_Kick-off-B3Dneo-1-1024x683.jpg 1024w, https:\/\/neo-net.de\/wp-content\/uploads\/2025\/05\/2025_03_12_Kick-off-B3Dneo-1-300x200.jpg 300w, https:\/\/neo-net.de\/wp-content\/uploads\/2025\/05\/2025_03_12_Kick-off-B3Dneo-1-768x512.jpg 768w, https:\/\/neo-net.de\/wp-content\/uploads\/2025\/05\/2025_03_12_Kick-off-B3Dneo-1-1536x1024.jpg 1536w, https:\/\/neo-net.de\/wp-content\/uploads\/2025\/05\/2025_03_12_Kick-off-B3Dneo-1.jpg 1600w\" sizes=\"(max-width: 1024px) 100vw, 1024px\" \/><\/figure>\n\n\n\n<h3 class=\"wp-block-heading\">Starke Partner beim Auftakt<\/h3>\n\n\n\n<p>Am 12. M\u00e4rz 2025 fiel der offizielle Startschuss f\u00fcr <a href=\"https:\/\/neo-net-verein.de\/?p=2250\" data-type=\"link\" data-id=\"https:\/\/neo-net-verein.de\/?p=2250\" target=\"_blank\" rel=\"noreferrer noopener\">#<strong>B3Dneo<\/strong><\/a>. Ein Highlight des Projektstarts war die feierliche \u00dcbergabe der Beiratsurkunden an herausragende Expertinnen und Experten, die B3Dneo mit ihrer Fachkompetenz begleiten:<\/p>\n\n\n\n<ul class=\"wp-block-list\">\n<li>Dr. Katerina Morawietz (SMWA, Technologie)<\/li>\n\n\n\n<li>Alexander Reichel (IHK Dresden)<\/li>\n\n\n\n<li>Bert Salomo (Landratsamt G\u00f6rlitz)<\/li>\n\n\n\n<li>Dr. Claudia Scholta (Wirtschaftsf\u00f6rderung Sachsen GmbH)<\/li>\n\n\n\n<li>Dr. Hans-Martin D\u00f6rfler (Stadt Leipzig)<\/li>\n\n\n\n<li>Jan Kammerl (Wirtschaftsf\u00f6rderung Erzgebirge GmbH)<\/li>\n<\/ul>\n\n\n\n<figure class=\"wp-block-gallery has-nested-images columns-default is-cropped wp-block-gallery-1 is-layout-flex wp-block-gallery-is-layout-flex\">\n<figure class=\"wp-block-image size-large\"><img loading=\"lazy\" decoding=\"async\" width=\"1024\" height=\"683\" data-id=\"2396\" src=\"https:\/\/neo-net-verein.de\/wp-content\/uploads\/2025\/05\/2025_03_12_Urkundenuebergabe_Alexander-Reichel-1-1024x683.jpg\" alt=\"\" class=\"wp-image-2396\" srcset=\"https:\/\/neo-net.de\/wp-content\/uploads\/2025\/05\/2025_03_12_Urkundenuebergabe_Alexander-Reichel-1-1024x683.jpg 1024w, https:\/\/neo-net.de\/wp-content\/uploads\/2025\/05\/2025_03_12_Urkundenuebergabe_Alexander-Reichel-1-300x200.jpg 300w, https:\/\/neo-net.de\/wp-content\/uploads\/2025\/05\/2025_03_12_Urkundenuebergabe_Alexander-Reichel-1-768x512.jpg 768w, https:\/\/neo-net.de\/wp-content\/uploads\/2025\/05\/2025_03_12_Urkundenuebergabe_Alexander-Reichel-1-1536x1024.jpg 1536w, https:\/\/neo-net.de\/wp-content\/uploads\/2025\/05\/2025_03_12_Urkundenuebergabe_Alexander-Reichel-1.jpg 1600w\" sizes=\"(max-width: 1024px) 100vw, 1024px\" \/><\/figure>\n\n\n\n<figure class=\"wp-block-image size-large\"><img loading=\"lazy\" decoding=\"async\" width=\"1024\" height=\"683\" data-id=\"2398\" src=\"https:\/\/neo-net-verein.de\/wp-content\/uploads\/2025\/05\/2025_03_12_Urkundenuebergabe_Bert-Salomo-1-1024x683.jpg\" alt=\"\" class=\"wp-image-2398\" srcset=\"https:\/\/neo-net.de\/wp-content\/uploads\/2025\/05\/2025_03_12_Urkundenuebergabe_Bert-Salomo-1-1024x683.jpg 1024w, https:\/\/neo-net.de\/wp-content\/uploads\/2025\/05\/2025_03_12_Urkundenuebergabe_Bert-Salomo-1-300x200.jpg 300w, https:\/\/neo-net.de\/wp-content\/uploads\/2025\/05\/2025_03_12_Urkundenuebergabe_Bert-Salomo-1-768x512.jpg 768w, https:\/\/neo-net.de\/wp-content\/uploads\/2025\/05\/2025_03_12_Urkundenuebergabe_Bert-Salomo-1-1536x1024.jpg 1536w, https:\/\/neo-net.de\/wp-content\/uploads\/2025\/05\/2025_03_12_Urkundenuebergabe_Bert-Salomo-1.jpg 1600w\" sizes=\"(max-width: 1024px) 100vw, 1024px\" \/><\/figure>\n\n\n\n<figure class=\"wp-block-image size-large\"><img loading=\"lazy\" decoding=\"async\" width=\"1024\" height=\"683\" data-id=\"2397\" src=\"https:\/\/neo-net-verein.de\/wp-content\/uploads\/2025\/05\/2025_03_12_Urkundenuebergabe_Dr.-Katerina-Morawietz-1-1024x683.jpg\" alt=\"\" class=\"wp-image-2397\" srcset=\"https:\/\/neo-net.de\/wp-content\/uploads\/2025\/05\/2025_03_12_Urkundenuebergabe_Dr.-Katerina-Morawietz-1-1024x683.jpg 1024w, https:\/\/neo-net.de\/wp-content\/uploads\/2025\/05\/2025_03_12_Urkundenuebergabe_Dr.-Katerina-Morawietz-1-300x200.jpg 300w, https:\/\/neo-net.de\/wp-content\/uploads\/2025\/05\/2025_03_12_Urkundenuebergabe_Dr.-Katerina-Morawietz-1-768x512.jpg 768w, https:\/\/neo-net.de\/wp-content\/uploads\/2025\/05\/2025_03_12_Urkundenuebergabe_Dr.-Katerina-Morawietz-1-1536x1024.jpg 1536w, https:\/\/neo-net.de\/wp-content\/uploads\/2025\/05\/2025_03_12_Urkundenuebergabe_Dr.-Katerina-Morawietz-1.jpg 1600w\" sizes=\"(max-width: 1024px) 100vw, 1024px\" \/><\/figure>\n<\/figure>\n\n\n\n<p><\/p>\n","protected":false},"excerpt":{"rendered":"<p>Ein starkes Netzwerk f\u00fcr die 3D-Druck-Branche! neo.NET &amp; Building 3D e.V. starten ein gemeinsames Cluster! neo.NET e.V. ist ein Forschungs- und Innovationsnetzwerk mit Sitz in Zittau, das Unternehmen, Forschungseinrichtungen und \u00f6ffentliche Akteure in den Bereichen Digitalisierung, Technologieentwicklung und Wissensvernetzung zusammenbringt. Building 3D e.V. aus Leipzig versteht sich als zentrale Anlaufstelle f\u00fcr den industriellen 3D-Druck. Der [&hellip;]<\/p>\n","protected":false},"author":1,"featured_media":0,"parent":0,"menu_order":0,"comment_status":"closed","ping_status":"closed","template":"","meta":{"_acf_changed":false,"footnotes":""},"class_list":["post-2384","page","type-page","status-publish","hentry"],"acf":[],"_links":{"self":[{"href":"https:\/\/neo-net.de\/index.php?rest_route=\/wp\/v2\/pages\/2384","targetHints":{"allow":["GET"]}}],"collection":[{"href":"https:\/\/neo-net.de\/index.php?rest_route=\/wp\/v2\/pages"}],"about":[{"href":"https:\/\/neo-net.de\/index.php?rest_route=\/wp\/v2\/types\/page"}],"author":[{"embeddable":true,"href":"https:\/\/neo-net.de\/index.php?rest_route=\/wp\/v2\/users\/1"}],"replies":[{"embeddable":true,"href":"https:\/\/neo-net.de\/index.php?rest_route=%2Fwp%2Fv2%2Fcomments&post=2384"}],"version-history":[{"count":6,"href":"https:\/\/neo-net.de\/index.php?rest_route=\/wp\/v2\/pages\/2384\/revisions"}],"predecessor-version":[{"id":2403,"href":"https:\/\/neo-net.de\/index.php?rest_route=\/wp\/v2\/pages\/2384\/revisions\/2403"}],"wp:attachment":[{"href":"https:\/\/neo-net.de\/index.php?rest_route=%2Fwp%2Fv2%2Fmedia&parent=2384"}],"curies":[{"name":"wp","href":"https:\/\/api.w.org\/{rel}","templated":true}]}}